{"id":20500,"date":"2024-02-01T10:49:26","date_gmt":"2024-02-01T10:49:26","guid":{"rendered":"https:\/\/livinfactory.com\/?page_id=20500"},"modified":"2025-03-27T18:30:39","modified_gmt":"2025-03-27T18:30:39","slug":"our-team","status":"publish","type":"page","link":"https:\/\/livinfactory.com\/es\/our-team\/","title":{"rendered":"Equipo"},"content":{"rendered":"<div data-elementor-type=\"wp-page\" data-elementor-id=\"20500\" class=\"elementor elementor-20500\">\n\t\t\t\t\t\t<section class=\"elementor-section elementor-top-section elementor-element elementor-element-e150f61 elementor-section-boxed elementor-section-height-default elementor-section-height-default sc_fly_static\" data-id=\"e150f61\" data-element_type=\"section\" data-e-type=\"section\" data-settings=\"{&quot;background_background&quot;:&quot;classic&quot;}\">\n\t\t\t\t\t\t<div class=\"elementor-container elementor-column-gap-extended\">\n\t\t\t\t\t<div class=\"elementor-column elementor-col-100 elementor-top-column elementor-element elementor-element-a4b9bcc sc_content_align_inherit sc_layouts_column_icons_position_left sc_fly_static\" data-id=\"a4b9bcc\" data-element_type=\"column\" data-e-type=\"column\">\n\t\t\t<div class=\"elementor-widget-wrap elementor-element-populated\">\n\t\t\t\t\t\t<div class=\"elementor-element elementor-element-6ec7825 sc_height_huge sc_fly_static elementor-widget elementor-widget-spacer\" data-id=\"6ec7825\" data-element_type=\"widget\" data-e-type=\"widget\" data-widget_type=\"spacer.default\">\n\t\t\t\t<div class=\"elementor-widget-container\">\n\t\t\t\t\t\t\t<div class=\"elementor-spacer\">\n\t\t\t<div class=\"elementor-spacer-inner\"><\/div>\n\t\t<\/div>\n\t\t\t\t\t\t<\/div>\n\t\t\t\t<\/div>\n\t\t\t\t<div class=\"elementor-element elementor-element-26c675d sc_layouts_hide_on_notebook sc_layouts_hide_on_tablet sc_layouts_hide_on_mobile sc_fly_static elementor-widget elementor-widget-spacer\" data-id=\"26c675d\" data-element_type=\"widget\" data-e-type=\"widget\" data-widget_type=\"spacer.default\">\n\t\t\t\t<div class=\"elementor-widget-container\">\n\t\t\t\t\t\t\t<div class=\"elementor-spacer\">\n\t\t\t<div class=\"elementor-spacer-inner\"><\/div>\n\t\t<\/div>\n\t\t\t\t\t\t<\/div>\n\t\t\t\t<\/div>\n\t\t\t\t<div class=\"elementor-element elementor-element-3de7baa sc_fly_static elementor-widget elementor-widget-trx_sc_team\" data-id=\"3de7baa\" data-element_type=\"widget\" data-e-type=\"widget\" data-widget_type=\"trx_sc_team.default\">\n\t\t\t\t<div class=\"elementor-widget-container\">\n\t\t\t\t\t<div \t\tclass=\"sc_team sc_team_hover\"><div class=\"sc_team_columns_wrap sc_item_columns sc_item_posts_container trx_addons_columns_wrap columns_padding_bottom\"><div class=\"trx_addons_column-1_3\"><div data-post-id=\"27013\" class=\"sc_team_item sc_item_container post_container no_links has_post_thumbnail  post-27013 cpt_team type-cpt_team status-publish has-post-thumbnail hentry cpt_team_group-experts\">\r\n\t<div class=\"post_featured sc_team_item_thumb trx_addons_hover trx_addons_hover_style_info_anim\"><img fetchpriority=\"high\" decoding=\"async\" width=\"570\" height=\"696\" src=\"https:\/\/livinfactory.com\/wp-content\/uploads\/2024\/01\/1-570x696.jpg\" class=\"attachment-modernee-thumb-rectangle size-modernee-thumb-rectangle wp-post-image\" alt=\"\" srcset=\"https:\/\/livinfactory.com\/wp-content\/uploads\/2024\/01\/1-570x696.jpg 570w, https:\/\/livinfactory.com\/wp-content\/uploads\/2024\/01\/1-246x300.jpg 246w, https:\/\/livinfactory.com\/wp-content\/uploads\/2024\/01\/1-839x1024.jpg 839w, https:\/\/livinfactory.com\/wp-content\/uploads\/2024\/01\/1-768x937.jpg 768w, https:\/\/livinfactory.com\/wp-content\/uploads\/2024\/01\/1-370x451.jpg 370w, https:\/\/livinfactory.com\/wp-content\/uploads\/2024\/01\/1-840x1025.jpg 840w, https:\/\/livinfactory.com\/wp-content\/uploads\/2024\/01\/1-410x500.jpg 410w, https:\/\/livinfactory.com\/wp-content\/uploads\/2024\/01\/1-600x732.jpg 600w, https:\/\/livinfactory.com\/wp-content\/uploads\/2024\/01\/1.jpg 1200w\" sizes=\"(max-width: 600px) 100vw, 570px\" \/><div class=\"trx_addons_hover_team\"><h4 class=\"sc_team_item_title entry-title trx_addons_hover_title\">Gissela Zeled\u00f3n<\/h4><div class=\"sc_team_item_subtitle trx_addons_hover_title\">CEO | Founder<\/div><div class=\"sc_team_item_socials socials_wrap trx_addons_hover_info\"><\/div><\/div><div class=\"trx_addons_hover_mask\"><\/div><\/div><\/div>\r\n<\/div><div class=\"trx_addons_column-1_3\"><div data-post-id=\"27011\" class=\"sc_team_item sc_item_container post_container no_links has_post_thumbnail  post-27011 cpt_team type-cpt_team status-publish has-post-thumbnail hentry cpt_team_group-experts\">\r\n\t<div class=\"post_featured sc_team_item_thumb trx_addons_hover trx_addons_hover_style_info_anim\"><img decoding=\"async\" width=\"570\" height=\"696\" src=\"https:\/\/livinfactory.com\/wp-content\/uploads\/2024\/01\/Foto-sitio-web-570x696.jpg\" class=\"attachment-modernee-thumb-rectangle size-modernee-thumb-rectangle wp-post-image\" alt=\"\" srcset=\"https:\/\/livinfactory.com\/wp-content\/uploads\/2024\/01\/Foto-sitio-web-570x696.jpg 570w, https:\/\/livinfactory.com\/wp-content\/uploads\/2024\/01\/Foto-sitio-web-246x300.jpg 246w, https:\/\/livinfactory.com\/wp-content\/uploads\/2024\/01\/Foto-sitio-web-839x1024.jpg 839w, https:\/\/livinfactory.com\/wp-content\/uploads\/2024\/01\/Foto-sitio-web-768x937.jpg 768w, https:\/\/livinfactory.com\/wp-content\/uploads\/2024\/01\/Foto-sitio-web-370x451.jpg 370w, https:\/\/livinfactory.com\/wp-content\/uploads\/2024\/01\/Foto-sitio-web-840x1025.jpg 840w, https:\/\/livinfactory.com\/wp-content\/uploads\/2024\/01\/Foto-sitio-web-410x500.jpg 410w, https:\/\/livinfactory.com\/wp-content\/uploads\/2024\/01\/Foto-sitio-web.jpg 1200w\" sizes=\"(max-width: 600px) 100vw, 570px\" \/><div class=\"trx_addons_hover_team\"><h4 class=\"sc_team_item_title entry-title trx_addons_hover_title\">Abel Acosta<\/h4><div class=\"sc_team_item_subtitle trx_addons_hover_title\">Innovation Director<\/div><div class=\"sc_team_item_socials socials_wrap trx_addons_hover_info\"><\/div><\/div><div class=\"trx_addons_hover_mask\"><\/div><\/div><\/div>\r\n<\/div><div class=\"trx_addons_column-1_3\"><div data-post-id=\"27008\" class=\"sc_team_item sc_item_container post_container no_links has_post_thumbnail  post-27008 cpt_team type-cpt_team status-publish has-post-thumbnail hentry cpt_team_group-experts\">\r\n\t<div class=\"post_featured sc_team_item_thumb trx_addons_hover trx_addons_hover_style_info_anim\"><img decoding=\"async\" width=\"570\" height=\"696\" src=\"https:\/\/livinfactory.com\/wp-content\/uploads\/2024\/01\/3-570x696.jpg\" class=\"attachment-modernee-thumb-rectangle size-modernee-thumb-rectangle wp-post-image\" alt=\"\" srcset=\"https:\/\/livinfactory.com\/wp-content\/uploads\/2024\/01\/3-570x696.jpg 570w, https:\/\/livinfactory.com\/wp-content\/uploads\/2024\/01\/3-246x300.jpg 246w, https:\/\/livinfactory.com\/wp-content\/uploads\/2024\/01\/3-839x1024.jpg 839w, https:\/\/livinfactory.com\/wp-content\/uploads\/2024\/01\/3-768x937.jpg 768w, https:\/\/livinfactory.com\/wp-content\/uploads\/2024\/01\/3-370x451.jpg 370w, https:\/\/livinfactory.com\/wp-content\/uploads\/2024\/01\/3-840x1025.jpg 840w, https:\/\/livinfactory.com\/wp-content\/uploads\/2024\/01\/3-410x500.jpg 410w, https:\/\/livinfactory.com\/wp-content\/uploads\/2024\/01\/3-600x732.jpg 600w, https:\/\/livinfactory.com\/wp-content\/uploads\/2024\/01\/3.jpg 1200w\" sizes=\"(max-width: 600px) 100vw, 570px\" \/><div class=\"trx_addons_hover_team\"><h4 class=\"sc_team_item_title entry-title trx_addons_hover_title\">\u00d3scar S\u00e1nchez<\/h4><div class=\"sc_team_item_subtitle trx_addons_hover_title\">Gerente General<\/div><div class=\"sc_team_item_socials socials_wrap trx_addons_hover_info\"><\/div><\/div><div class=\"trx_addons_hover_mask\"><\/div><\/div><\/div>\r\n<\/div><div class=\"trx_addons_column-1_3\"><div data-post-id=\"20634\" class=\"sc_team_item sc_item_container post_container no_links has_post_thumbnail  post-20634 cpt_team type-cpt_team status-publish has-post-thumbnail hentry cpt_team_group-experts\">\r\n\t<div class=\"post_featured sc_team_item_thumb trx_addons_hover trx_addons_hover_style_info_anim\"><img loading=\"lazy\" decoding=\"async\" width=\"570\" height=\"696\" src=\"https:\/\/livinfactory.com\/wp-content\/uploads\/2024\/01\/8-570x696.jpg\" class=\"attachment-modernee-thumb-rectangle size-modernee-thumb-rectangle wp-post-image\" alt=\"\" srcset=\"https:\/\/livinfactory.com\/wp-content\/uploads\/2024\/01\/8-570x696.jpg 570w, https:\/\/livinfactory.com\/wp-content\/uploads\/2024\/01\/8-246x300.jpg 246w, https:\/\/livinfactory.com\/wp-content\/uploads\/2024\/01\/8-839x1024.jpg 839w, https:\/\/livinfactory.com\/wp-content\/uploads\/2024\/01\/8-768x937.jpg 768w, https:\/\/livinfactory.com\/wp-content\/uploads\/2024\/01\/8-370x451.jpg 370w, https:\/\/livinfactory.com\/wp-content\/uploads\/2024\/01\/8-840x1025.jpg 840w, https:\/\/livinfactory.com\/wp-content\/uploads\/2024\/01\/8-410x500.jpg 410w, https:\/\/livinfactory.com\/wp-content\/uploads\/2024\/01\/8-600x732.jpg 600w, https:\/\/livinfactory.com\/wp-content\/uploads\/2024\/01\/8.jpg 1200w\" sizes=\"(max-width: 600px) 100vw, 570px\" \/><div class=\"trx_addons_hover_team\"><h4 class=\"sc_team_item_title entry-title trx_addons_hover_title\">Lu\u00eds Garc\u00eda<\/h4><div class=\"sc_team_item_subtitle trx_addons_hover_title\">Development Leader<\/div><div class=\"sc_team_item_socials socials_wrap trx_addons_hover_info\"><\/div><\/div><div class=\"trx_addons_hover_mask\"><\/div><\/div><\/div>\r\n<\/div><div class=\"trx_addons_column-1_3\"><div data-post-id=\"20633\" class=\"sc_team_item sc_item_container post_container no_links has_post_thumbnail  post-20633 cpt_team type-cpt_team status-publish has-post-thumbnail hentry cpt_team_group-experts\">\r\n\t<div class=\"post_featured sc_team_item_thumb trx_addons_hover trx_addons_hover_style_info_anim\"><img loading=\"lazy\" decoding=\"async\" width=\"570\" height=\"696\" src=\"https:\/\/livinfactory.com\/wp-content\/uploads\/2024\/01\/13-570x696.jpg\" class=\"attachment-modernee-thumb-rectangle size-modernee-thumb-rectangle wp-post-image\" alt=\"\" srcset=\"https:\/\/livinfactory.com\/wp-content\/uploads\/2024\/01\/13-570x696.jpg 570w, https:\/\/livinfactory.com\/wp-content\/uploads\/2024\/01\/13-246x300.jpg 246w, https:\/\/livinfactory.com\/wp-content\/uploads\/2024\/01\/13-839x1024.jpg 839w, https:\/\/livinfactory.com\/wp-content\/uploads\/2024\/01\/13-768x937.jpg 768w, https:\/\/livinfactory.com\/wp-content\/uploads\/2024\/01\/13-370x451.jpg 370w, https:\/\/livinfactory.com\/wp-content\/uploads\/2024\/01\/13-840x1025.jpg 840w, https:\/\/livinfactory.com\/wp-content\/uploads\/2024\/01\/13-410x500.jpg 410w, https:\/\/livinfactory.com\/wp-content\/uploads\/2024\/01\/13-600x732.jpg 600w, https:\/\/livinfactory.com\/wp-content\/uploads\/2024\/01\/13.jpg 1200w\" sizes=\"(max-width: 600px) 100vw, 570px\" \/><div class=\"trx_addons_hover_team\"><h4 class=\"sc_team_item_title entry-title trx_addons_hover_title\">Josu\u00e9 V\u00e1squez<\/h4><div class=\"sc_team_item_subtitle trx_addons_hover_title\">Project Management Leader<\/div><div class=\"sc_team_item_socials socials_wrap trx_addons_hover_info\"><\/div><\/div><div class=\"trx_addons_hover_mask\"><\/div><\/div><\/div>\r\n<\/div><div class=\"trx_addons_column-1_3\"><div data-post-id=\"28925\" class=\"sc_team_item sc_item_container post_container no_links has_post_thumbnail  post-28925 cpt_team type-cpt_team status-publish has-post-thumbnail hentry cpt_team_group-experts\">\r\n\t<div class=\"post_featured sc_team_item_thumb trx_addons_hover trx_addons_hover_style_info_anim\"><img loading=\"lazy\" decoding=\"async\" width=\"570\" height=\"696\" src=\"https:\/\/livinfactory.com\/wp-content\/uploads\/2025\/03\/4-2-570x696.png\" class=\"attachment-modernee-thumb-rectangle size-modernee-thumb-rectangle wp-post-image\" alt=\"\" srcset=\"https:\/\/livinfactory.com\/wp-content\/uploads\/2025\/03\/4-2-570x696.png 570w, https:\/\/livinfactory.com\/wp-content\/uploads\/2025\/03\/4-2-246x300.png 246w, https:\/\/livinfactory.com\/wp-content\/uploads\/2025\/03\/4-2-839x1024.png 839w, https:\/\/livinfactory.com\/wp-content\/uploads\/2025\/03\/4-2-768x937.png 768w, https:\/\/livinfactory.com\/wp-content\/uploads\/2025\/03\/4-2-370x451.png 370w, https:\/\/livinfactory.com\/wp-content\/uploads\/2025\/03\/4-2-840x1025.png 840w, https:\/\/livinfactory.com\/wp-content\/uploads\/2025\/03\/4-2-410x500.png 410w, https:\/\/livinfactory.com\/wp-content\/uploads\/2025\/03\/4-2.png 1200w\" sizes=\"(max-width: 600px) 100vw, 570px\" \/><div class=\"trx_addons_hover_team\"><h4 class=\"sc_team_item_title entry-title trx_addons_hover_title\">Victor Alvarado<\/h4><div class=\"sc_team_item_subtitle trx_addons_hover_title\">Software Architect<\/div><\/div><div class=\"trx_addons_hover_mask\"><\/div><\/div><\/div>\r\n<\/div><\/div><\/div>\t\t\t\t<\/div>\n\t\t\t\t<\/div>\n\t\t\t\t\t<\/div>\n\t\t<\/div>\n\t\t\t\t\t<\/div>\n\t\t<\/section>\n\t\t<div class=\"elementor-element elementor-element-e950eb7 e-grid e-con-boxed sc_layouts_column_icons_position_left e-con e-parent\" data-id=\"e950eb7\" data-element_type=\"container\" data-e-type=\"container\">\n\t\t\t\t\t<div class=\"e-con-inner\">\n\t\t\t\t<div class=\"elementor-element elementor-element-24ee465 sc_fly_static elementor-widget elementor-widget-spacer\" data-id=\"24ee465\" data-element_type=\"widget\" data-e-type=\"widget\" data-widget_type=\"spacer.default\">\n\t\t\t\t<div class=\"elementor-widget-container\">\n\t\t\t\t\t\t\t<div class=\"elementor-spacer\">\n\t\t\t<div class=\"elementor-spacer-inner\"><\/div>\n\t\t<\/div>\n\t\t\t\t\t\t<\/div>\n\t\t\t\t<\/div>\n\t\t\t\t\t<\/div>\n\t\t\t\t<\/div>\n\t\t\t\t<section class=\"elementor-section elementor-top-section elementor-element elementor-element-5aa56df cover_hover elementor-section-boxed elementor-section-height-default elementor-section-height-default sc_fly_static\" data-id=\"5aa56df\" data-element_type=\"section\" data-e-type=\"section\" data-settings=\"{&quot;background_background&quot;:&quot;classic&quot;}\">\n\t\t\t\t\t\t<div class=\"elementor-container elementor-column-gap-extended\">\n\t\t\t\t\t<div class=\"elementor-column elementor-col-100 elementor-top-column elementor-element elementor-element-2f41d1f sc_content_align_inherit sc_layouts_column_icons_position_left sc_fly_static\" data-id=\"2f41d1f\" data-element_type=\"column\" data-e-type=\"column\">\n\t\t\t<div class=\"elementor-widget-wrap elementor-element-populated\">\n\t\t\t\t\t\t<div class=\"elementor-element elementor-element-776622f sc_fly_static elementor-widget elementor-widget-trx_sc_team\" data-id=\"776622f\" data-element_type=\"widget\" data-e-type=\"widget\" data-widget_type=\"trx_sc_team.default\">\n\t\t\t\t<div class=\"elementor-widget-container\">\n\t\t\t\t\t<div \t\tclass=\"sc_team sc_team_hover\"><div class=\"sc_team_columns_wrap sc_item_columns sc_item_posts_container trx_addons_columns_wrap columns_padding_bottom\"><div class=\"trx_addons_column-1_3\"><div data-post-id=\"29221\" class=\"sc_team_item sc_item_container post_container no_links has_post_thumbnail  post-29221 cpt_team type-cpt_team status-publish has-post-thumbnail hentry cpt_team_group-ourteam\">\r\n\t<div class=\"post_featured sc_team_item_thumb trx_addons_hover trx_addons_hover_style_info_anim\"><img loading=\"lazy\" decoding=\"async\" width=\"570\" height=\"696\" src=\"https:\/\/livinfactory.com\/wp-content\/uploads\/2025\/09\/Luis-Barrientos-570x696.png\" class=\"attachment-modernee-thumb-rectangle size-modernee-thumb-rectangle wp-post-image\" alt=\"Luis Barrientos\" srcset=\"https:\/\/livinfactory.com\/wp-content\/uploads\/2025\/09\/Luis-Barrientos-570x696.png 570w, https:\/\/livinfactory.com\/wp-content\/uploads\/2025\/09\/Luis-Barrientos-246x300.png 246w, https:\/\/livinfactory.com\/wp-content\/uploads\/2025\/09\/Luis-Barrientos-839x1024.png 839w, https:\/\/livinfactory.com\/wp-content\/uploads\/2025\/09\/Luis-Barrientos-768x937.png 768w, https:\/\/livinfactory.com\/wp-content\/uploads\/2025\/09\/Luis-Barrientos-10x12.png 10w, https:\/\/livinfactory.com\/wp-content\/uploads\/2025\/09\/Luis-Barrientos-370x451.png 370w, https:\/\/livinfactory.com\/wp-content\/uploads\/2025\/09\/Luis-Barrientos-840x1025.png 840w, https:\/\/livinfactory.com\/wp-content\/uploads\/2025\/09\/Luis-Barrientos-410x500.png 410w, https:\/\/livinfactory.com\/wp-content\/uploads\/2025\/09\/Luis-Barrientos.png 1200w\" sizes=\"(max-width: 600px) 100vw, 570px\" \/><div class=\"trx_addons_hover_team\"><h4 class=\"sc_team_item_title entry-title trx_addons_hover_title\">Luis Barrientos<\/h4><div class=\"sc_team_item_subtitle trx_addons_hover_title\">QA Manual<\/div><\/div><div class=\"trx_addons_hover_mask\"><\/div><\/div><\/div>\r\n<\/div><div class=\"trx_addons_column-1_3\"><div data-post-id=\"28937\" class=\"sc_team_item sc_item_container post_container no_links has_post_thumbnail  post-28937 cpt_team type-cpt_team status-publish has-post-thumbnail hentry cpt_team_group-ourteam\">\r\n\t<div class=\"post_featured sc_team_item_thumb trx_addons_hover trx_addons_hover_style_info_anim\"><img loading=\"lazy\" decoding=\"async\" width=\"570\" height=\"696\" src=\"https:\/\/livinfactory.com\/wp-content\/uploads\/2025\/03\/Foto-sitio-web-570x696.png\" class=\"attachment-modernee-thumb-rectangle size-modernee-thumb-rectangle wp-post-image\" alt=\"Rosa Rodr\u00edguez\" srcset=\"https:\/\/livinfactory.com\/wp-content\/uploads\/2025\/03\/Foto-sitio-web-570x696.png 570w, https:\/\/livinfactory.com\/wp-content\/uploads\/2025\/03\/Foto-sitio-web-246x300.png 246w, https:\/\/livinfactory.com\/wp-content\/uploads\/2025\/03\/Foto-sitio-web-839x1024.png 839w, https:\/\/livinfactory.com\/wp-content\/uploads\/2025\/03\/Foto-sitio-web-768x937.png 768w, https:\/\/livinfactory.com\/wp-content\/uploads\/2025\/03\/Foto-sitio-web-10x12.png 10w, https:\/\/livinfactory.com\/wp-content\/uploads\/2025\/03\/Foto-sitio-web-370x451.png 370w, https:\/\/livinfactory.com\/wp-content\/uploads\/2025\/03\/Foto-sitio-web-840x1025.png 840w, https:\/\/livinfactory.com\/wp-content\/uploads\/2025\/03\/Foto-sitio-web-410x500.png 410w, https:\/\/livinfactory.com\/wp-content\/uploads\/2025\/03\/Foto-sitio-web.png 1200w\" sizes=\"(max-width: 600px) 100vw, 570px\" \/><div class=\"trx_addons_hover_team\"><h4 class=\"sc_team_item_title entry-title trx_addons_hover_title\">Rosa Rodr\u00edguez<\/h4><div class=\"sc_team_item_subtitle trx_addons_hover_title\">QA Manual<\/div><\/div><div class=\"trx_addons_hover_mask\"><\/div><\/div><\/div>\r\n<\/div><div class=\"trx_addons_column-1_3\"><div data-post-id=\"28934\" class=\"sc_team_item sc_item_container post_container no_links has_post_thumbnail  post-28934 cpt_team type-cpt_team status-publish has-post-thumbnail hentry cpt_team_group-ourteam\">\r\n\t<div class=\"post_featured sc_team_item_thumb trx_addons_hover trx_addons_hover_style_info_anim\"><img loading=\"lazy\" decoding=\"async\" width=\"570\" height=\"696\" src=\"https:\/\/livinfactory.com\/wp-content\/uploads\/2025\/03\/10-570x696.png\" class=\"attachment-modernee-thumb-rectangle size-modernee-thumb-rectangle wp-post-image\" alt=\"\" srcset=\"https:\/\/livinfactory.com\/wp-content\/uploads\/2025\/03\/10-570x696.png 570w, https:\/\/livinfactory.com\/wp-content\/uploads\/2025\/03\/10-246x300.png 246w, https:\/\/livinfactory.com\/wp-content\/uploads\/2025\/03\/10-839x1024.png 839w, https:\/\/livinfactory.com\/wp-content\/uploads\/2025\/03\/10-768x937.png 768w, https:\/\/livinfactory.com\/wp-content\/uploads\/2025\/03\/10-370x451.png 370w, https:\/\/livinfactory.com\/wp-content\/uploads\/2025\/03\/10-840x1025.png 840w, https:\/\/livinfactory.com\/wp-content\/uploads\/2025\/03\/10-410x500.png 410w, https:\/\/livinfactory.com\/wp-content\/uploads\/2025\/03\/10.png 1200w\" sizes=\"(max-width: 600px) 100vw, 570px\" \/><div class=\"trx_addons_hover_team\"><h4 class=\"sc_team_item_title entry-title trx_addons_hover_title\">Guillermo Samayoa<\/h4><div class=\"sc_team_item_subtitle trx_addons_hover_title\">Android Developer<\/div><\/div><div class=\"trx_addons_hover_mask\"><\/div><\/div><\/div>\r\n<\/div><div class=\"trx_addons_column-1_3\"><div data-post-id=\"28931\" class=\"sc_team_item sc_item_container post_container no_links has_post_thumbnail  post-28931 cpt_team type-cpt_team status-publish has-post-thumbnail hentry cpt_team_group-ourteam\">\r\n\t<div class=\"post_featured sc_team_item_thumb trx_addons_hover trx_addons_hover_style_info_anim\"><img loading=\"lazy\" decoding=\"async\" width=\"570\" height=\"696\" src=\"https:\/\/livinfactory.com\/wp-content\/uploads\/2025\/03\/13-2-570x696.png\" class=\"attachment-modernee-thumb-rectangle size-modernee-thumb-rectangle wp-post-image\" alt=\"\" srcset=\"https:\/\/livinfactory.com\/wp-content\/uploads\/2025\/03\/13-2-570x696.png 570w, https:\/\/livinfactory.com\/wp-content\/uploads\/2025\/03\/13-2-246x300.png 246w, https:\/\/livinfactory.com\/wp-content\/uploads\/2025\/03\/13-2-839x1024.png 839w, https:\/\/livinfactory.com\/wp-content\/uploads\/2025\/03\/13-2-768x937.png 768w, https:\/\/livinfactory.com\/wp-content\/uploads\/2025\/03\/13-2-1259x1536.png 1259w, https:\/\/livinfactory.com\/wp-content\/uploads\/2025\/03\/13-2-1679x2048.png 1679w, https:\/\/livinfactory.com\/wp-content\/uploads\/2025\/03\/13-2-10x12.png 10w, https:\/\/livinfactory.com\/wp-content\/uploads\/2025\/03\/13-2-370x451.png 370w, https:\/\/livinfactory.com\/wp-content\/uploads\/2025\/03\/13-2-840x1025.png 840w, https:\/\/livinfactory.com\/wp-content\/uploads\/2025\/03\/13-2-410x500.png 410w\" sizes=\"(max-width: 600px) 100vw, 570px\" \/><div class=\"trx_addons_hover_team\"><h4 class=\"sc_team_item_title entry-title trx_addons_hover_title\">Carlos Ruano<\/h4><div class=\"sc_team_item_subtitle trx_addons_hover_title\">iOS Developper<\/div><\/div><div class=\"trx_addons_hover_mask\"><\/div><\/div><\/div>\r\n<\/div><div class=\"trx_addons_column-1_3\"><div data-post-id=\"28923\" class=\"sc_team_item sc_item_container post_container no_links has_post_thumbnail  post-28923 cpt_team type-cpt_team status-publish has-post-thumbnail hentry cpt_team_group-ourteam\">\r\n\t<div class=\"post_featured sc_team_item_thumb trx_addons_hover trx_addons_hover_style_info_anim\"><img loading=\"lazy\" decoding=\"async\" width=\"570\" height=\"696\" src=\"https:\/\/livinfactory.com\/wp-content\/uploads\/2025\/03\/Jimmy-570x696.png\" class=\"attachment-modernee-thumb-rectangle size-modernee-thumb-rectangle wp-post-image\" alt=\"\" srcset=\"https:\/\/livinfactory.com\/wp-content\/uploads\/2025\/03\/Jimmy-570x696.png 570w, https:\/\/livinfactory.com\/wp-content\/uploads\/2025\/03\/Jimmy-246x300.png 246w, https:\/\/livinfactory.com\/wp-content\/uploads\/2025\/03\/Jimmy-839x1024.png 839w, https:\/\/livinfactory.com\/wp-content\/uploads\/2025\/03\/Jimmy-768x937.png 768w, https:\/\/livinfactory.com\/wp-content\/uploads\/2025\/03\/Jimmy-1259x1536.png 1259w, https:\/\/livinfactory.com\/wp-content\/uploads\/2025\/03\/Jimmy-10x12.png 10w, https:\/\/livinfactory.com\/wp-content\/uploads\/2025\/03\/Jimmy-370x451.png 370w, https:\/\/livinfactory.com\/wp-content\/uploads\/2025\/03\/Jimmy-840x1025.png 840w, https:\/\/livinfactory.com\/wp-content\/uploads\/2025\/03\/Jimmy-410x500.png 410w, https:\/\/livinfactory.com\/wp-content\/uploads\/2025\/03\/Jimmy.png 1650w\" sizes=\"(max-width: 600px) 100vw, 570px\" \/><div class=\"trx_addons_hover_team\"><h4 class=\"sc_team_item_title entry-title trx_addons_hover_title\">Isaac V\u00e1squez<\/h4><div class=\"sc_team_item_subtitle trx_addons_hover_title\">Technical support<\/div><\/div><div class=\"trx_addons_hover_mask\"><\/div><\/div><\/div>\r\n<\/div><\/div><\/div>\t\t\t\t<\/div>\n\t\t\t\t<\/div>\n\t\t\t\t<div class=\"elementor-element elementor-element-d5787d4 sc_height_huge sc_fly_static elementor-widget elementor-widget-spacer\" data-id=\"d5787d4\" data-element_type=\"widget\" data-e-type=\"widget\" data-widget_type=\"spacer.default\">\n\t\t\t\t<div class=\"elementor-widget-container\">\n\t\t\t\t\t\t\t<div class=\"elementor-spacer\">\n\t\t\t<div class=\"elementor-spacer-inner\"><\/div>\n\t\t<\/div>\n\t\t\t\t\t\t<\/div>\n\t\t\t\t<\/div>\n\t\t\t\t<div class=\"elementor-element elementor-element-5f2b334 sc_layouts_hide_on_notebook sc_layouts_hide_on_tablet sc_layouts_hide_on_mobile sc_fly_static elementor-widget elementor-widget-spacer\" data-id=\"5f2b334\" data-element_type=\"widget\" data-e-type=\"widget\" data-widget_type=\"spacer.default\">\n\t\t\t\t<div class=\"elementor-widget-container\">\n\t\t\t\t\t\t\t<div class=\"elementor-spacer\">\n\t\t\t<div class=\"elementor-spacer-inner\"><\/div>\n\t\t<\/div>\n\t\t\t\t\t\t<\/div>\n\t\t\t\t<\/div>\n\t\t\t\t<div class=\"elementor-element elementor-element-d164d46 sc_layouts_hide_on_notebook sc_layouts_hide_on_tablet sc_layouts_hide_on_mobile sc_fly_static elementor-widget elementor-widget-spacer\" data-id=\"d164d46\" data-element_type=\"widget\" data-e-type=\"widget\" data-widget_type=\"spacer.default\">\n\t\t\t\t<div class=\"elementor-widget-container\">\n\t\t\t\t\t\t\t<div class=\"elementor-spacer\">\n\t\t\t<div class=\"elementor-spacer-inner\"><\/div>\n\t\t<\/div>\n\t\t\t\t\t\t<\/div>\n\t\t\t\t<\/div>\n\t\t\t\t\t<\/div>\n\t\t<\/div>\n\t\t\t\t\t<\/div>\n\t\t<\/section>\n\t\t\t\t<\/div>","protected":false},"excerpt":{"rendered":"<p>Gissela Zeled\u00f3n CEO | Founder Abel Acosta Innovation Director \u00d3scar S\u00e1nchez General Manager Ren\u00e9 L\u00f3pez Product Owner Lu\u00eds Garc\u00eda Development Leader Josu\u00e9 V\u00e1squez Project Management Leader Guillermo Samayoa Android Developer&hellip;<\/p>","protected":false},"author":1,"featured_media":0,"parent":0,"menu_order":0,"comment_status":"closed","ping_status":"closed","template":"","meta":{"footnotes":""},"class_list":["post-20500","page","type-page","status-publish","hentry"],"_links":{"self":[{"href":"https:\/\/livinfactory.com\/es\/wp-json\/wp\/v2\/pages\/20500","targetHints":{"allow":["GET"]}}],"collection":[{"href":"https:\/\/livinfactory.com\/es\/wp-json\/wp\/v2\/pages"}],"about":[{"href":"https:\/\/livinfactory.com\/es\/wp-json\/wp\/v2\/types\/page"}],"author":[{"embeddable":true,"href":"https:\/\/livinfactory.com\/es\/wp-json\/wp\/v2\/users\/1"}],"replies":[{"embeddable":true,"href":"https:\/\/livinfactory.com\/es\/wp-json\/wp\/v2\/comments?post=20500"}],"version-history":[{"count":21,"href":"https:\/\/livinfactory.com\/es\/wp-json\/wp\/v2\/pages\/20500\/revisions"}],"predecessor-version":[{"id":29211,"href":"https:\/\/livinfactory.com\/es\/wp-json\/wp\/v2\/pages\/20500\/revisions\/29211"}],"wp:attachment":[{"href":"https:\/\/livinfactory.com\/es\/wp-json\/wp\/v2\/media?parent=20500"}],"curies":[{"name":"wp","href":"https:\/\/api.w.org\/{rel}","templated":true}]}}